{"id":3207,"date":"2021-03-25T21:23:52","date_gmt":"2021-03-25T20:23:52","guid":{"rendered":"https:\/\/www.restauro.sk?page_id=3207"},"modified":"2021-04-12T16:56:44","modified_gmt":"2021-04-12T14:56:44","slug":"disciplinary-commission","status":"publish","type":"page","link":"https:\/\/www.restauro.sk\/en\/about-us\/disciplinary-commission","title":{"rendered":"Disciplinary Commission"},"content":{"rendered":"<div id=\"pl-3207\"  class=\"panel-layout\" ><div id=\"pg-3207-0\"  class=\"panel-grid panel-has-style\"  style=\"margin-bottom: 0px;margin-left: 0px;margin-right: 0px;\" ><div class=\"claim-small siteorigin-panels-stretch panel-row-style panel-row-style-for-3207-0\" style=\"background-image: url(https:\/\/www.restauro.sk\/wp-content\/uploads\/2021\/04\/061.jpg);background-size: cover;background-position: center center;\" data-stretch-type=\"full\" ><div id=\"pgc-3207-0-0\"  class=\"panel-grid-cell\" ><div id=\"panel-3207-0-0-0\" class=\"so-panel widget widget_sow-editor panel-first-child panel-last-child\" data-index=\"0\" ><div\n\t\t\t\n\t\t\tclass=\"so-widget-sow-editor so-widget-sow-editor-base\"\n\t\t\t\n\t\t>\n<div class=\"siteorigin-widget-tinymce textwidget\">\n\t<p style=\"text-align: center;\">Our mission is to save cultural heritage<\/p>\n<\/div>\n<\/div><\/div><\/div><\/div><\/div><div id=\"pg-3207-1\"  class=\"panel-grid panel-has-style\" ><div class=\"siteorigin-panels-stretch panel-row-style panel-row-style-for-3207-1\" style=\"padding-bottom: 80px; \" data-stretch-type=\"full\" ><div id=\"pgc-3207-1-0\"  class=\"panel-grid-cell panel-grid-cell-empty\" ><\/div><div id=\"pgc-3207-1-1\"  class=\"panel-grid-cell panel-grid-cell-mobile-last\" ><div id=\"panel-3207-1-1-0\" class=\"so-panel widget widget_sow-editor panel-first-child panel-last-child\" data-index=\"1\" ><div\n\t\t\t\n\t\t\tclass=\"so-widget-sow-editor so-widget-sow-editor-base\"\n\t\t\t\n\t\t><h3 class=\"widget-title\">Disciplinary Commission<\/h3>\n<div class=\"siteorigin-widget-tinymce textwidget\">\n\t<div class=\"siteorigin-widget-tinymce textwidget\">\n<p style=\"font-weight: 400;\">The Disciplinary Commission is a disciplinary organ of the Chamber. It decides in the Disciplinary Senates about the breaches of the Chamber\u00b4s rules and presents them to the Board of the Chamber.<\/p>\n<p style=\"font-weight: 400;\">(simplified description)<\/p>\n<h2>Members of the Disciplinary Commission<\/h2>\n<p><strong>Chair:<\/strong><br \/>\nMgr. art. Adri\u00e1n Gia\u010d<\/p>\n<p><strong>Vice chair:<\/strong><br \/>\nMgr. Rosanna Bathory<\/p>\n<p><strong>Members:<\/strong><br \/>\nMgr. Svetlana Cuperov\u00e1 Ilavsk\u00e1<br \/>\nMgr. art. Miroslav Jan\u0161to<br \/>\nMgr. art. Tom\u00e1\u0161 Kru\u017el\u00edk<br \/>\nAkad. mal. Vojtech M\u00fdtnik<br \/>\nMgr. art. \u0160tefan Siv\u00e1\u0148<br \/>\nMgr. art. Martin \u0160umaj<br \/>\nJ\u00e1n Valovi\u010d<\/p>\n<p>Act no. 200\/1994 Coll. Act of the National Council of the Slovak Republic on the Chamber of Restorers and on the performance of restoration activities of its members and the Statutes of the Chamber of the Restorers are located on the <a href=\"https:\/\/www.restauro.sk\/en\/regulations-forms-fees\/legislation-of-the-sr\">Legislation<\/a> subpage.<\/p>\n<\/div>\n<\/div>\n<\/div><\/div><\/div><div id=\"pgc-3207-1-2\"  class=\"panel-grid-cell panel-grid-cell-empty\" ><\/div><\/div><\/div><\/div>","protected":false},"excerpt":{"rendered":"<p>Our mission is to save cultural heritage The Disciplinary Commission is a disciplinary organ of the Chamber. It decides in the Disciplinary Senates about the breaches of the Chamber\u00b4s rules and presents them to the Board of the Chamber. (simplified description) Members of the Disciplinary Commission Chair: Mgr. art. Adri\u00e1n Gia\u010d Vice chair: Mgr. Rosanna &hellip; <a href=\"https:\/\/www.restauro.sk\/en\/about-us\/disciplinary-commission\" title=\"Disciplinary Commission\" class=\"read-more\">Read More<\/a><\/p>\n","protected":false},"author":2,"featured_media":0,"parent":3182,"menu_order":40,"comment_status":"closed","ping_status":"closed","template":"","meta":{"footnotes":""},"class_list":["post-3207","page","type-page","status-publish","hentry"],"yoast_head":"<!-- This site is optimized with the Yoast SEO plugin v26.8 - https:\/\/yoast.com\/product\/yoast-seo-wordpress\/ -->\n<title>Disciplinary Commission - Chamber of Restorers<\/title>\n<meta name=\"robots\" content=\"index, follow, max-snippet:-1, max-image-preview:large, max-video-preview:-1\" \/>\n<link rel=\"canonical\" href=\"https:\/\/www.restauro.sk\/en\/about-us\/disciplinary-commission\" \/>\n<meta property=\"og:locale\" content=\"en_US\" \/>\n<meta property=\"og:type\" content=\"article\" \/>\n<meta property=\"og:title\" content=\"Disciplinary Commission - Chamber of Restorers\" \/>\n<meta property=\"og:description\" content=\"Our mission is to save cultural heritage The Disciplinary Commission is a disciplinary organ of the Chamber. It decides in the Disciplinary Senates about the breaches of the Chamber\u00b4s rules and presents them to the Board of the Chamber. (simplified description) Members of the Disciplinary Commission Chair: Mgr. art. Adri\u00e1n Gia\u010d Vice chair: Mgr. Rosanna [&hellip;]\" \/>\n<meta property=\"og:url\" content=\"https:\/\/www.restauro.sk\/en\/about-us\/disciplinary-commission\" \/>\n<meta property=\"og:site_name\" content=\"Chamber of Restorers\" \/>\n<meta property=\"article:publisher\" content=\"https:\/\/www.facebook.com\/komora.restauratorov\" \/>\n<meta property=\"article:modified_time\" content=\"2021-04-12T14:56:44+00:00\" \/>\n<meta property=\"og:image\" content=\"https:\/\/www.restauro.sk\/wp-content\/uploads\/2022\/01\/logo-kr-600x330.jpg\" \/>\n\t<meta property=\"og:image:width\" content=\"600\" \/>\n\t<meta property=\"og:image:height\" content=\"330\" \/>\n\t<meta property=\"og:image:type\" content=\"image\/jpeg\" \/>\n<meta name=\"twitter:card\" content=\"summary_large_image\" \/>\n<meta name=\"twitter:label1\" content=\"Est. reading time\" \/>\n\t<meta name=\"twitter:data1\" content=\"1 minute\" \/>\n<script type=\"application\/ld+json\" class=\"yoast-schema-graph\">{\"@context\":\"https:\/\/schema.org\",\"@graph\":[{\"@type\":\"WebPage\",\"@id\":\"https:\/\/www.restauro.sk\/en\/about-us\/disciplinary-commission\",\"url\":\"https:\/\/www.restauro.sk\/en\/about-us\/disciplinary-commission\",\"name\":\"Disciplinary Commission - Chamber of Restorers\",\"isPartOf\":{\"@id\":\"https:\/\/www.restauro.sk\/#website\"},\"datePublished\":\"2021-03-25T20:23:52+00:00\",\"dateModified\":\"2021-04-12T14:56:44+00:00\",\"breadcrumb\":{\"@id\":\"https:\/\/www.restauro.sk\/en\/about-us\/disciplinary-commission#breadcrumb\"},\"inLanguage\":\"en-US\",\"potentialAction\":[{\"@type\":\"ReadAction\",\"target\":[\"https:\/\/www.restauro.sk\/en\/about-us\/disciplinary-commission\"]}]},{\"@type\":\"BreadcrumbList\",\"@id\":\"https:\/\/www.restauro.sk\/en\/about-us\/disciplinary-commission#breadcrumb\",\"itemListElement\":[{\"@type\":\"ListItem\",\"position\":1,\"name\":\"Home\",\"item\":\"https:\/\/www.restauro.sk\/\"},{\"@type\":\"ListItem\",\"position\":2,\"name\":\"About us\",\"item\":\"https:\/\/www.restauro.sk\/en\/about-us\"},{\"@type\":\"ListItem\",\"position\":3,\"name\":\"Disciplinary Commission\"}]},{\"@type\":\"WebSite\",\"@id\":\"https:\/\/www.restauro.sk\/#website\",\"url\":\"https:\/\/www.restauro.sk\/\",\"name\":\"Chamber of Restorers\",\"description\":\"Chamber of Restorers - official website \",\"publisher\":{\"@id\":\"https:\/\/www.restauro.sk\/#organization\"},\"potentialAction\":[{\"@type\":\"SearchAction\",\"target\":{\"@type\":\"EntryPoint\",\"urlTemplate\":\"https:\/\/www.restauro.sk\/?s={search_term_string}\"},\"query-input\":{\"@type\":\"PropertyValueSpecification\",\"valueRequired\":true,\"valueName\":\"search_term_string\"}}],\"inLanguage\":\"en-US\"},{\"@type\":\"Organization\",\"@id\":\"https:\/\/www.restauro.sk\/#organization\",\"name\":\"Komora re\u0161taur\u00e1torov\",\"url\":\"https:\/\/www.restauro.sk\/\",\"logo\":{\"@type\":\"ImageObject\",\"inLanguage\":\"en-US\",\"@id\":\"https:\/\/www.restauro.sk\/#\/schema\/logo\/image\/\",\"url\":\"https:\/\/www.restauro.sk\/wp-content\/uploads\/2022\/01\/logo-kr-600x330.jpg\",\"contentUrl\":\"https:\/\/www.restauro.sk\/wp-content\/uploads\/2022\/01\/logo-kr-600x330.jpg\",\"width\":600,\"height\":330,\"caption\":\"Komora re\u0161taur\u00e1torov\"},\"image\":{\"@id\":\"https:\/\/www.restauro.sk\/#\/schema\/logo\/image\/\"},\"sameAs\":[\"https:\/\/www.facebook.com\/komora.restauratorov\"]}]}<\/script>\n<!-- \/ Yoast SEO plugin. -->","yoast_head_json":{"title":"Disciplinary Commission - Chamber of Restorers","robots":{"index":"index","follow":"follow","max-snippet":"max-snippet:-1","max-image-preview":"max-image-preview:large","max-video-preview":"max-video-preview:-1"},"canonical":"https:\/\/www.restauro.sk\/en\/about-us\/disciplinary-commission","og_locale":"en_US","og_type":"article","og_title":"Disciplinary Commission - Chamber of Restorers","og_description":"Our mission is to save cultural heritage The Disciplinary Commission is a disciplinary organ of the Chamber. It decides in the Disciplinary Senates about the breaches of the Chamber\u00b4s rules and presents them to the Board of the Chamber. (simplified description) Members of the Disciplinary Commission Chair: Mgr. art. Adri\u00e1n Gia\u010d Vice chair: Mgr. Rosanna [&hellip;]","og_url":"https:\/\/www.restauro.sk\/en\/about-us\/disciplinary-commission","og_site_name":"Chamber of Restorers","article_publisher":"https:\/\/www.facebook.com\/komora.restauratorov","article_modified_time":"2021-04-12T14:56:44+00:00","og_image":[{"width":600,"height":330,"url":"https:\/\/www.restauro.sk\/wp-content\/uploads\/2022\/01\/logo-kr-600x330.jpg","type":"image\/jpeg"}],"twitter_card":"summary_large_image","twitter_misc":{"Est. reading time":"1 minute"},"schema":{"@context":"https:\/\/schema.org","@graph":[{"@type":"WebPage","@id":"https:\/\/www.restauro.sk\/en\/about-us\/disciplinary-commission","url":"https:\/\/www.restauro.sk\/en\/about-us\/disciplinary-commission","name":"Disciplinary Commission - Chamber of Restorers","isPartOf":{"@id":"https:\/\/www.restauro.sk\/#website"},"datePublished":"2021-03-25T20:23:52+00:00","dateModified":"2021-04-12T14:56:44+00:00","breadcrumb":{"@id":"https:\/\/www.restauro.sk\/en\/about-us\/disciplinary-commission#breadcrumb"},"inLanguage":"en-US","potentialAction":[{"@type":"ReadAction","target":["https:\/\/www.restauro.sk\/en\/about-us\/disciplinary-commission"]}]},{"@type":"BreadcrumbList","@id":"https:\/\/www.restauro.sk\/en\/about-us\/disciplinary-commission#breadcrumb","itemListElement":[{"@type":"ListItem","position":1,"name":"Home","item":"https:\/\/www.restauro.sk\/"},{"@type":"ListItem","position":2,"name":"About us","item":"https:\/\/www.restauro.sk\/en\/about-us"},{"@type":"ListItem","position":3,"name":"Disciplinary Commission"}]},{"@type":"WebSite","@id":"https:\/\/www.restauro.sk\/#website","url":"https:\/\/www.restauro.sk\/","name":"Chamber of Restorers","description":"Chamber of Restorers - official website ","publisher":{"@id":"https:\/\/www.restauro.sk\/#organization"},"potentialAction":[{"@type":"SearchAction","target":{"@type":"EntryPoint","urlTemplate":"https:\/\/www.restauro.sk\/?s={search_term_string}"},"query-input":{"@type":"PropertyValueSpecification","valueRequired":true,"valueName":"search_term_string"}}],"inLanguage":"en-US"},{"@type":"Organization","@id":"https:\/\/www.restauro.sk\/#organization","name":"Komora re\u0161taur\u00e1torov","url":"https:\/\/www.restauro.sk\/","logo":{"@type":"ImageObject","inLanguage":"en-US","@id":"https:\/\/www.restauro.sk\/#\/schema\/logo\/image\/","url":"https:\/\/www.restauro.sk\/wp-content\/uploads\/2022\/01\/logo-kr-600x330.jpg","contentUrl":"https:\/\/www.restauro.sk\/wp-content\/uploads\/2022\/01\/logo-kr-600x330.jpg","width":600,"height":330,"caption":"Komora re\u0161taur\u00e1torov"},"image":{"@id":"https:\/\/www.restauro.sk\/#\/schema\/logo\/image\/"},"sameAs":["https:\/\/www.facebook.com\/komora.restauratorov"]}]}},"_links":{"self":[{"href":"https:\/\/www.restauro.sk\/en\/wp-json\/wp\/v2\/pages\/3207","targetHints":{"allow":["GET"]}}],"collection":[{"href":"https:\/\/www.restauro.sk\/en\/wp-json\/wp\/v2\/pages"}],"about":[{"href":"https:\/\/www.restauro.sk\/en\/wp-json\/wp\/v2\/types\/page"}],"author":[{"embeddable":true,"href":"https:\/\/www.restauro.sk\/en\/wp-json\/wp\/v2\/users\/2"}],"replies":[{"embeddable":true,"href":"https:\/\/www.restauro.sk\/en\/wp-json\/wp\/v2\/comments?post=3207"}],"version-history":[{"count":8,"href":"https:\/\/www.restauro.sk\/en\/wp-json\/wp\/v2\/pages\/3207\/revisions"}],"predecessor-version":[{"id":3498,"href":"https:\/\/www.restauro.sk\/en\/wp-json\/wp\/v2\/pages\/3207\/revisions\/3498"}],"up":[{"embeddable":true,"href":"https:\/\/www.restauro.sk\/en\/wp-json\/wp\/v2\/pages\/3182"}],"wp:attachment":[{"href":"https:\/\/www.restauro.sk\/en\/wp-json\/wp\/v2\/media?parent=3207"}],"curies":[{"name":"wp","href":"https:\/\/api.w.org\/{rel}","templated":true}]}}